{"id":66,"date":"2018-02-11T23:05:29","date_gmt":"2018-02-11T22:05:29","guid":{"rendered":"http:\/\/ohnegehts.net\/?page_id=66"},"modified":"2018-02-11T23:05:29","modified_gmt":"2018-02-11T22:05:29","slug":"impressum","status":"publish","type":"page","link":"https:\/\/ohnegehts.net\/?page_id=66","title":{"rendered":"impressum"},"content":{"rendered":"<header>\n<h2>IMPRESSUM<\/h2>\n<\/header>\n<h4>Verantwortlich f\u00fcr den Inhalt dieser Website<\/h4>\n<p class=\"\">Navina Neuschl\u00a0 \/ +49 176 72 49 58 57 \/ navina(\u00e4t)ohnegehts.net<\/p>\n<p class=\"\">\n<h5>\u00a0Copyright<\/h5>\n<p>Die auf dieser Website enthaltenen bildlichen Darstellungen sowie Texte unterliegen dem weltweiten urheberrechtlichen Schutz. Jegliche Nutzung eines oder mehrerer dieser Abbildungen oder Fotos, insbesondere das Downloaden, die Bearbeitung und die Verbreitung f\u00fcr gewerbliche als auch f\u00fcr pers\u00f6nliche Zwecke sind nicht gestattet. Zuwiderhandlungen werden zivil- und strafrechtlich verfolgt.<\/p>\n<p class=\"\">URHEBERRECHT<\/p>\n<p class=\"\">Alle auf dieser Website enthaltenen Fotos unterliegen dem allgemeinen urheberrechtlichem Schutz. Jegliche Nutzung dieser Abbildungen oder Teile davon, so auch Download, Bearbeitung und Verbreitung f\u00fcr gewerbliche und f\u00fcr private Zwecke sind nicht gestattet. Der Missbrauch ist strafbar und wird auf Grundlage des UrhG \u00a7 97 + 106 zivil- und strafrechtlich verfolgt. Alle innerhalb des Internetangebotes genannten und ggf. durch Dritte gesch\u00fctzten Marken- und Warenzeichen unterliegen uneingeschr\u00e4nkt den Bestimmungen des jeweils g\u00fcltigen Kennzeichenrechts und den Besitzrechten der jeweiligen eingetragenen Eigent\u00fcmer.<\/p>\n<p class=\"\">HAFTUNG F\u00dcR LINKS<\/p>\n<p class=\"\">Da es auf dieser Seite keine externen Links gibt, ben\u00f6tige ich auch keine ausdr\u00fcckliche Distanzierung der externen Inhalte, dennoch weise ich darauf hin, dass Inhalte externer Seiten ausschlie\u00dflich im Verantwortungsbereich der jeweiligen Betreiber liegen. Die auf dieser Seite befindlichen Links leiten nur auf meine pers\u00f6nlichen Seiten weiter, zu denen ich die\u00a0HAFTUNG F\u00dcR INHALTE wie folgt beschreibe:<\/p>\n<p class=\"\">Die auf dieser Website enthaltenen Angaben werden nach bestem Wissen erstellt und mit gro\u00dfer Sorgfalt auf ihre Richtigkeit \u00fcberpr\u00fcft. Trotzdem sind inhaltliche und sachliche Fehler nicht vollst\u00e4ndig auszuschlie\u00dfen. OHNEGEHTS \u00fcbernimmt keinerlei Garantie und Haftung f\u00fcr die Richtigkeit, Aktualit\u00e4t und Vollst\u00e4ndigkeit der bereitgestellten Informationen. Alle Angaben sind ohne Gew\u00e4hr.<\/p>\n<p class=\"\">DATENSCHUTZ<\/p>\n<p class=\"\">Eure pers\u00f6nlichen Daten werden von mir nat\u00fcrlich vertraulich behandelt und nicht an Dritte weitergegeben.<\/p>\n<p>&nbsp;<\/p>\n<p>Homepage wurde \u00fcber WordPress und Flothemes gebaut.<\/p>\n","protected":false},"excerpt":{"rendered":"<p>IMPRESSUM Verantwortlich f\u00fcr den Inhalt dieser Website Navina Neuschl\u00a0 \/ +49 176 72 49 58 57 \/ navina(\u00e4t)ohnegehts.net \u00a0Copyright Die auf dieser Website enthaltenen bildlichen Darstellungen sowie Texte unterliegen dem weltweiten urheberrechtlichen Schutz. Jegliche Nutzung eines oder mehrerer dieser Abbildungen oder Fotos, insbesondere das Downloaden, die Bearbeitung und die Verbreitung f\u00fcr gewerbliche als auch f\u00fcr [&hellip;]<\/p>\n","protected":false},"author":1,"featured_media":0,"parent":0,"menu_order":0,"comment_status":"closed","ping_status":"closed","template":"","meta":{"footnotes":""},"_links":{"self":[{"href":"https:\/\/ohnegehts.net\/index.php?rest_route=\/wp\/v2\/pages\/66"}],"collection":[{"href":"https:\/\/ohnegehts.net\/index.php?rest_route=\/wp\/v2\/pages"}],"about":[{"href":"https:\/\/ohnegehts.net\/index.php?rest_route=\/wp\/v2\/types\/page"}],"author":[{"embeddable":true,"href":"https:\/\/ohnegehts.net\/index.php?rest_route=\/wp\/v2\/users\/1"}],"replies":[{"embeddable":true,"href":"https:\/\/ohnegehts.net\/index.php?rest_route=%2Fwp%2Fv2%2Fcomments&post=66"}],"version-history":[{"count":1,"href":"https:\/\/ohnegehts.net\/index.php?rest_route=\/wp\/v2\/pages\/66\/revisions"}],"predecessor-version":[{"id":67,"href":"https:\/\/ohnegehts.net\/index.php?rest_route=\/wp\/v2\/pages\/66\/revisions\/67"}],"wp:attachment":[{"href":"https:\/\/ohnegehts.net\/index.php?rest_route=%2Fwp%2Fv2%2Fmedia&parent=66"}],"curies":[{"name":"wp","href":"https:\/\/api.w.org\/{rel}","templated":true}]}}